{"id":2821,"date":"2025-05-26T15:17:12","date_gmt":"2025-05-26T13:17:12","guid":{"rendered":"https:\/\/rtb-ops.com\/homepage\/"},"modified":"2026-03-25T13:23:53","modified_gmt":"2026-03-25T12:23:53","slug":"homepage","status":"publish","type":"page","link":"https:\/\/rtb-ops.com\/de\/homepage\/","title":{"rendered":"Homepage"},"content":{"rendered":"\n<div class=\"wp-block-cover has-custom-content-position is-position-center-right\"><img fetchpriority=\"high\" decoding=\"async\" width=\"1500\" height=\"375\" class=\"wp-block-cover__image-background wp-image-3966 size-large\" alt=\"\" src=\"https:\/\/rtb-ops.com\/wp-content\/uploads\/2026\/03\/DV_Header_Boekje_final-1-1500x375.jpg\" style=\"object-position:97% 9%\" data-object-fit=\"cover\" data-object-position=\"97% 9%\" srcset=\"https:\/\/rtb-ops.com\/wp-content\/uploads\/2026\/03\/DV_Header_Boekje_final-1-1500x375.jpg 1500w, https:\/\/rtb-ops.com\/wp-content\/uploads\/2026\/03\/DV_Header_Boekje_final-1-scaled-350x88.jpg 350w, https:\/\/rtb-ops.com\/wp-content\/uploads\/2026\/03\/DV_Header_Boekje_final-1-scaled-680x170.jpg 680w, https:\/\/rtb-ops.com\/wp-content\/uploads\/2026\/03\/DV_Header_Boekje_final-1-800x200.jpg 800w, https:\/\/rtb-ops.com\/wp-content\/uploads\/2026\/03\/DV_Header_Boekje_final-1-768x192.jpg 768w, https:\/\/rtb-ops.com\/wp-content\/uploads\/2026\/03\/DV_Header_Boekje_final-1-1536x384.jpg 1536w, https:\/\/rtb-ops.com\/wp-content\/uploads\/2026\/03\/DV_Header_Boekje_final-1-2048x512.jpg 2048w\" sizes=\"(max-width: 1500px) 100vw, 1500px\" \/><span aria-hidden=\"true\" class=\"wp-block-cover__background has-background-dim-0 has-background-dim\" style=\"background-color:#6c526e\"><\/span><div class=\"wp-block-cover__inner-container is-layout-constrained wp-block-cover-is-layout-constrained\">\n<div class=\"wp-block-buttons is-vertical is-content-justification-right is-layout-flex wp-container-core-buttons-is-layout-b3db8f6a wp-block-buttons-is-layout-flex\">\n<div class=\"wp-block-button\"><a class=\"wp-block-button__link wp-element-button\" href=\"https:\/\/rtb-ops.com\/de\/product-category\/basis-notfallpaket\/\">UNSERE REGISTRIERTEN NOTFALLKITS ANSEHEN<\/a><\/div>\n\n\n\n<div class=\"wp-block-button\"><a class=\"wp-block-button__link wp-element-button\" href=\"https:\/\/rtb-ops.com\/de\/notfallpaket-registrierung\/\">REGISTRIEREN SIE IHR EIGENES NOTFALLSET<\/a><\/div>\n<\/div>\n<\/div><\/div>\n\n<div class=\"wp-block-columns is-layout-flex wp-container-core-columns-is-layout-9d6595d7 wp-block-columns-is-layout-flex\">\n<div class=\"wp-block-column is-layout-flow wp-block-column-is-layout-flow\">\n<figure class=\"wp-block-image size-full\"><img decoding=\"async\" width=\"2000\" height=\"2000\" src=\"https:\/\/rtb-ops.com\/wp-content\/uploads\/2026\/03\/premiumpakket.png\" alt=\"\" class=\"wp-image-3987\" style=\"aspect-ratio:1;object-fit:contain\" srcset=\"https:\/\/rtb-ops.com\/wp-content\/uploads\/2026\/03\/premiumpakket.png 2000w, https:\/\/rtb-ops.com\/wp-content\/uploads\/2026\/03\/premiumpakket-350x350.png 350w, https:\/\/rtb-ops.com\/wp-content\/uploads\/2026\/03\/premiumpakket-100x100.png 100w, https:\/\/rtb-ops.com\/wp-content\/uploads\/2026\/03\/premiumpakket-680x680.png 680w, https:\/\/rtb-ops.com\/wp-content\/uploads\/2026\/03\/premiumpakket-800x800.png 800w, https:\/\/rtb-ops.com\/wp-content\/uploads\/2026\/03\/premiumpakket-1500x1500.png 1500w, https:\/\/rtb-ops.com\/wp-content\/uploads\/2026\/03\/premiumpakket-150x150.png 150w, https:\/\/rtb-ops.com\/wp-content\/uploads\/2026\/03\/premiumpakket-768x768.png 768w, https:\/\/rtb-ops.com\/wp-content\/uploads\/2026\/03\/premiumpakket-1536x1536.png 1536w\" sizes=\"(max-width: 2000px) 100vw, 2000px\" \/><\/figure>\n<\/div>\n\n\n\n<div class=\"wp-block-column is-layout-flow wp-block-column-is-layout-flow\">\n<!-- League Spartan font --><link href=\"https:\/\/fonts.googleapis.com\/css2?family=League+Spartan:wght@400;600;700&#038;display=swap\" rel=\"stylesheet\"\/><style>.premium-home-block{\nfont-family:\"League Spartan\", sans-serif;\nmax-width:520px;\nline-height:1.6;\n}\n\n\/* Meest gekozen label *\/\n.premium-tag{\ndisplay:inline-block;\ncolor:#E76B00;\nfont-weight:700;\nfont-size:14px;\ntext-transform:uppercase;\nmargin-bottom:10px;\nletter-spacing:0.5px;\n}\n\n\/* Titel *\/\n.premium-home-block h2{\nfont-size:34px;\ncolor:#0F2A45;\nmargin-bottom:12px;\n}\n\n\/* Intro *\/\n.premium-intro{\nfont-weight:600;\ncolor:#0F2A45;\n}\n\n\/* Prijs box *\/\n.premium-price-box{\nbackground:#f3f4f6;\npadding:16px;\nmargin-top:20px;\nborder-left:4px solid #E76B00;\n}\n\n.adviesprijs{\nfont-weight:600;\nfont-size:16px;\nmargin:0;\n}\n\n.advies{\ntext-decoration:line-through;\ncolor:#777;\nmargin-left:6px;\n}\n\n.prijs{\nfont-size:30px;\nfont-weight:700;\ncolor:#E76B00;\nmargin:6px 0;\n}\n\n.premium-note{\nfont-size:14px;\ncolor:#666;\nmargin:0;\n}\n\n\/* Features *\/\n.premium-features{\nmargin-top:18px;\npadding-left:0;\nlist-style:none;\n}\n\n.premium-features li{\nmargin-bottom:8px;\nfont-weight:500;\n}\n\n\/* CTA knop *\/\n.premium-btn{\ndisplay:inline-block;\nmargin-top:18px;\npadding:12px 20px;\nbackground:#0F2A45;\ncolor:#fff;\ntext-decoration:none;\nfont-weight:700;\nborder-radius:4px;\ntransition:all 0.2s ease;\n}\n\n.premium-btn:hover{\nbackground:#E76B00;\n}\n\n<\/style><div class=\"premium-home-block\"><p class=\"premium-tag\">\u2b50 Meest gekozen<\/p><h2>RTB-OPS Premium Noodpakket<\/h2><p class=\"premium-intro\">Het RTB-OPS Premium Noodpakket bevat zorgvuldig geselecteerde uitrusting voor stroomuitval en verstoringen van basisvoorzieningen.\n<\/p><p>Praktisch samengesteld voor huishoudens van <strong>2\u20134 personen<\/strong>. \nDirect inzetbaar en overzichtelijk opgeborgen.\n<\/p><div class=\"premium-price-box\"><p class=\"adviesprijs\">Adviesprijs <span class=\"advies\">\u20ac249,00<\/span><\/p><p class=\"prijs\">\u20ac199,99<\/p><p class=\"premium-note\">incl. btw \u00b7 verzending binnen Nederland\n<\/p><\/div><ul class=\"premium-features\"><li>\u2713 INHEIM Puls noodradio voor belangrijke informatie<\/li><li>\u2713 MAXSUN gasbrander voor het bereiden van maaltijden<\/li><li>\u2713 EHBO-kit voor noodgevallen<\/li><li>\u2713 LedLenser noodverlichting bij stroomuitval<\/li><li>\u2713 RTB-OPS instructiekaarten met duidelijke uitleg<\/li><\/ul><a href=\"https:\/\/rtb-ops.com\/de\/product\/basis-notfallpaket-kopie\/\" class=\"premium-btn\">Bekijk het Premium Noodpakket\n<\/a><\/div>\n<\/div>\n<\/div>\n\n<div class=\"wp-block-columns is-layout-flex wp-container-core-columns-is-layout-9d6595d7 wp-block-columns-is-layout-flex\">\n<div class=\"wp-block-column is-layout-flow wp-block-column-is-layout-flow\">\n<link href=\"https:\/\/fonts.googleapis.com\/css2?family=League+Spartan:wght@400;600;700&#038;display=swap\" rel=\"stylesheet\"\/><style>.instructioncards-home-block{\n  font-family:\"League Spartan\", sans-serif;\n  max-width:520px;\n  line-height:1.5;\n  color:#111;\n}\n\n.instructioncards-tag{\n  display:inline-block;\n  margin:0 0 8px 0;\n  color:#E76B00;\n  font-size:14px;\n  font-weight:700;\n  text-transform:uppercase;\n  letter-spacing:0.4px;\n}\n\n.instructioncards-home-block h2{\n  margin:0 0 12px 0;\n  font-size:34px;\n  line-height:1.1;\n  color:#0F2A45;\n}\n\n.instructioncards-intro{\n  margin:0 0 14px 0;\n  font-size:18px;\n  line-height:1.45;\n  font-weight:600;\n  color:#0F2A45;\n}\n\n.instructioncards-features{\n  margin:0 0 14px 0;\n  padding-left:0;\n  list-style:none;\n}\n\n.instructioncards-features li{\n  margin:0 0 8px 0;\n  font-size:16px;\n  font-weight:500;\n}\n\n.instructioncards-note{\n  margin:16px 0 14px 0;\n  padding:14px 16px;\n  background:#f3f4f6;\n  border-left:4px solid #E76B00;\n  font-size:15px;\n  color:#0F2A45;\n  font-weight:600;\n}\n\n.instructioncards-text{\n  margin:0;\n  font-size:16px;\n}\n\n@media (max-width:768px){\n  .instructioncards-home-block h2{\n    font-size:28px;\n  }\n}\n<\/style><div class=\"instructioncards-home-block\"><p class=\"instructioncards-tag\">Uniek onderdeel van elk noodpakket<\/p><h2>RTB-OPS Instructiekaarten<\/h2><p class=\"instructioncards-intro\">In een noodsituatie telt elke minuut. De RTB-OPS instructiekaarten geven duidelijke en eenvoudig te volgen aanwijzingen voor verschillende noodsituaties \u2013 ook wanneer internet of stroom niet beschikbaar zijn.\n<\/p><ul class=\"instructioncards-features\"><li>\u2713 Duidelijke stap-voor-stap instructies<\/li><li>\u2713 Snel terug te vinden in het noodpakket<\/li><li>\u2713 Overzichtelijk en eenvoudig te begrijpen<\/li><\/ul><div class=\"instructioncards-note\">De RTB-OPS instructiekaarten zijn standaard inbegrepen bij elk RTB-OPS noodpakket \u2013 zowel bij het basispakket, het premiumpakket als bij een compleet zelf samengesteld pakket met alle items.\n<\/div><p class=\"instructioncards-text\">Zo behoud je ook in een onverwachte situatie het overzicht en kun je snel de juiste maatregelen nemen.\n<\/p><\/div>\n<\/div>\n\n\n\n<div class=\"wp-block-column is-layout-flow wp-block-column-is-layout-flow\">\n<figure class=\"wp-block-image size-large\"><img decoding=\"async\" width=\"1500\" height=\"1500\" src=\"https:\/\/rtb-ops.com\/wp-content\/uploads\/2026\/03\/IKsCanva-1500x1500.png\" alt=\"\" class=\"wp-image-4002\" srcset=\"https:\/\/rtb-ops.com\/wp-content\/uploads\/2026\/03\/IKsCanva-1500x1500.png 1500w, https:\/\/rtb-ops.com\/wp-content\/uploads\/2026\/03\/IKsCanva-350x350.png 350w, https:\/\/rtb-ops.com\/wp-content\/uploads\/2026\/03\/IKsCanva-100x100.png 100w, https:\/\/rtb-ops.com\/wp-content\/uploads\/2026\/03\/IKsCanva-680x680.png 680w, https:\/\/rtb-ops.com\/wp-content\/uploads\/2026\/03\/IKsCanva-800x800.png 800w, https:\/\/rtb-ops.com\/wp-content\/uploads\/2026\/03\/IKsCanva-150x150.png 150w, https:\/\/rtb-ops.com\/wp-content\/uploads\/2026\/03\/IKsCanva-768x768.png 768w, https:\/\/rtb-ops.com\/wp-content\/uploads\/2026\/03\/IKsCanva-1536x1536.png 1536w, https:\/\/rtb-ops.com\/wp-content\/uploads\/2026\/03\/IKsCanva.png 2000w\" sizes=\"(max-width: 1500px) 100vw, 1500px\" \/><\/figure>\n<\/div>\n<\/div>\n\n<div class=\"wp-block-columns is-layout-flex wp-container-core-columns-is-layout-9d6595d7 wp-block-columns-is-layout-flex\">\n<div class=\"wp-block-column is-layout-flow wp-block-column-is-layout-flow\">\n<figure class=\"wp-block-image size-large\"><a href=\"https:\/\/rtb-ops.com\/product\/basis-noodpakket\/\"><img loading=\"lazy\" decoding=\"async\" width=\"2159\" height=\"1215\" src=\"https:\/\/rtb-ops.com\/wp-content\/uploads\/2025\/05\/Photoroom_20250502_153703-1-edited.jpg\" alt=\"\" class=\"wp-image-2982\" srcset=\"https:\/\/rtb-ops.com\/wp-content\/uploads\/2025\/05\/Photoroom_20250502_153703-1-edited.jpg 2159w, https:\/\/rtb-ops.com\/wp-content\/uploads\/2025\/05\/Photoroom_20250502_153703-1-edited-350x197.jpg 350w, https:\/\/rtb-ops.com\/wp-content\/uploads\/2025\/05\/Photoroom_20250502_153703-1-edited-680x383.jpg 680w, https:\/\/rtb-ops.com\/wp-content\/uploads\/2025\/05\/Photoroom_20250502_153703-1-edited-800x450.jpg 800w, https:\/\/rtb-ops.com\/wp-content\/uploads\/2025\/05\/Photoroom_20250502_153703-1-edited-1500x844.jpg 1500w, https:\/\/rtb-ops.com\/wp-content\/uploads\/2025\/05\/Photoroom_20250502_153703-1-edited-768x432.jpg 768w, https:\/\/rtb-ops.com\/wp-content\/uploads\/2025\/05\/Photoroom_20250502_153703-1-edited-1536x864.jpg 1536w, https:\/\/rtb-ops.com\/wp-content\/uploads\/2025\/05\/Photoroom_20250502_153703-1-edited-2048x1153.jpg 2048w, https:\/\/rtb-ops.com\/wp-content\/uploads\/2025\/05\/Photoroom_20250502_153703-1-edited-300x169.jpg 300w, https:\/\/rtb-ops.com\/wp-content\/uploads\/2025\/05\/Photoroom_20250502_153703-1-edited-1024x576.jpg 1024w\" sizes=\"(max-width: 2159px) 100vw, 2159px\" \/><\/a><\/figure>\n\n\n\n<p><strong>Notfallkits<\/strong><br\/>Enth\u00e4lt wichtige Ressourcen f\u00fcr die erste Selbstversorgung bei Stromausf\u00e4llen und Notf\u00e4llen.<br\/><br\/><a href=\"https:\/\/rtb-ops.com\/de\/product-category\/basis-notfallpaket\/\" data-type=\"link\" data-id=\"https:\/\/rtb-ops.com\/product-category\/noodpakketten\/\">Ansicht &gt;&gt;&gt;&gt;<\/a> <\/p>\n<\/div>\n\n\n\n<div class=\"wp-block-column is-layout-flow wp-block-column-is-layout-flow\">\n<figure class=\"wp-block-image size-full\"><a href=\"\/?product_cat=upgrades\"><img loading=\"lazy\" decoding=\"async\" width=\"2400\" height=\"1350\" src=\"https:\/\/rtb-ops.com\/wp-content\/uploads\/2025\/05\/Photoroom_20250531_151232-kopie-edited-1.jpg\" alt=\"\" class=\"wp-image-2984\" srcset=\"https:\/\/rtb-ops.com\/wp-content\/uploads\/2025\/05\/Photoroom_20250531_151232-kopie-edited-1.jpg 2400w, https:\/\/rtb-ops.com\/wp-content\/uploads\/2025\/05\/Photoroom_20250531_151232-kopie-edited-1-350x197.jpg 350w, https:\/\/rtb-ops.com\/wp-content\/uploads\/2025\/05\/Photoroom_20250531_151232-kopie-edited-1-680x383.jpg 680w, https:\/\/rtb-ops.com\/wp-content\/uploads\/2025\/05\/Photoroom_20250531_151232-kopie-edited-1-800x450.jpg 800w, https:\/\/rtb-ops.com\/wp-content\/uploads\/2025\/05\/Photoroom_20250531_151232-kopie-edited-1-1500x844.jpg 1500w, https:\/\/rtb-ops.com\/wp-content\/uploads\/2025\/05\/Photoroom_20250531_151232-kopie-edited-1-768x432.jpg 768w, https:\/\/rtb-ops.com\/wp-content\/uploads\/2025\/05\/Photoroom_20250531_151232-kopie-edited-1-1536x864.jpg 1536w, https:\/\/rtb-ops.com\/wp-content\/uploads\/2025\/05\/Photoroom_20250531_151232-kopie-edited-1-2048x1152.jpg 2048w, https:\/\/rtb-ops.com\/wp-content\/uploads\/2025\/05\/Photoroom_20250531_151232-kopie-edited-1-300x169.jpg 300w, https:\/\/rtb-ops.com\/wp-content\/uploads\/2025\/05\/Photoroom_20250531_151232-kopie-edited-1-1024x576.jpg 1024w\" sizes=\"(max-width: 2400px) 100vw, 2400px\" \/><\/a><\/figure>\n\n\n\n<p><strong>Liefert<\/strong><br\/>Erweiterungen wie Radios und Kerzen, um das Basisset Ihren Bed\u00fcrfnissen entsprechend zu erg\u00e4nzen.<br\/><br\/><a href=\"https:\/\/rtb-ops.com\/de\/product-category\/upgrades-de\/\" data-type=\"link\" data-id=\"https:\/\/rtb-ops.com\/product-category\/benodigdheden\/\">Ansicht &gt;&gt;&gt;&gt;<\/a> <\/p>\n<\/div>\n<\/div>\n\n<p class=\"has-text-align-center has-ast-global-color-7-background-color has-text-color has-background has-link-color has-large-font-size wp-elements-d5d08b9fc85c63a4181974228095497c\" style=\"color:#0f2a45\">Seien Sie vorbereitet, w\u00e4hlen Sie das Notfallpaket von<br\/>RTB-OPS.<\/p>\n\n<div class=\"wp-block-columns is-layout-flex wp-container-core-columns-is-layout-b2119393 wp-block-columns-is-layout-flex\" style=\"margin-top:0;margin-bottom:0;padding-top:0;padding-right:var(--wp--preset--spacing--20);padding-bottom:0;padding-left:var(--wp--preset--spacing--20)\">\n<div class=\"wp-block-column is-layout-flow wp-block-column-is-layout-flow\">\n<figure class=\"wp-block-image size-full is-resized\" style=\"margin-right:var(--wp--preset--spacing--70);margin-left:var(--wp--preset--spacing--70)\"><img loading=\"lazy\" decoding=\"async\" width=\"250\" height=\"100\" src=\"https:\/\/rtb-ops.com\/wp-content\/uploads\/2025\/06\/Ontwerp-zonder-titel-2-1.png\" alt=\"\" class=\"wp-image-3084\" style=\"width:315px;height:auto\"\/><\/figure>\n<\/div>\n\n\n\n<div class=\"wp-block-column is-layout-flow wp-block-column-is-layout-flow\"><div class=\"wp-block-image\">\n<figure class=\"aligncenter size-full is-resized\" style=\"margin-right:var(--wp--preset--spacing--70);margin-left:var(--wp--preset--spacing--70)\"><img loading=\"lazy\" decoding=\"async\" width=\"250\" height=\"100\" src=\"https:\/\/rtb-ops.com\/wp-content\/uploads\/2025\/06\/Ontwerp-zonder-titel.png\" alt=\"\" class=\"wp-image-3090\" style=\"width:304px;height:auto\"\/><\/figure>\n<\/div><\/div>\n\n\n\n<div class=\"wp-block-column is-layout-flow wp-block-column-is-layout-flow\"><div class=\"wp-block-image\">\n<figure class=\"aligncenter size-large is-resized\"><img loading=\"lazy\" decoding=\"async\" width=\"1500\" height=\"1500\" src=\"https:\/\/rtb-ops.com\/wp-content\/uploads\/2025\/12\/Nazava-Water-Filters-Logo-Full-colour-with-rounded-back-ground-and-water-fillters-transparent-1500x1500.png\" alt=\"\" class=\"wp-image-3688\" style=\"width:157px;height:auto\" srcset=\"https:\/\/rtb-ops.com\/wp-content\/uploads\/2025\/12\/Nazava-Water-Filters-Logo-Full-colour-with-rounded-back-ground-and-water-fillters-transparent-1500x1500.png 1500w, https:\/\/rtb-ops.com\/wp-content\/uploads\/2025\/12\/Nazava-Water-Filters-Logo-Full-colour-with-rounded-back-ground-and-water-fillters-transparent-scaled-350x350.png 350w, https:\/\/rtb-ops.com\/wp-content\/uploads\/2025\/12\/Nazava-Water-Filters-Logo-Full-colour-with-rounded-back-ground-and-water-fillters-transparent-scaled-100x100.png 100w, https:\/\/rtb-ops.com\/wp-content\/uploads\/2025\/12\/Nazava-Water-Filters-Logo-Full-colour-with-rounded-back-ground-and-water-fillters-transparent-scaled-680x680.png 680w, https:\/\/rtb-ops.com\/wp-content\/uploads\/2025\/12\/Nazava-Water-Filters-Logo-Full-colour-with-rounded-back-ground-and-water-fillters-transparent-800x800.png 800w, https:\/\/rtb-ops.com\/wp-content\/uploads\/2025\/12\/Nazava-Water-Filters-Logo-Full-colour-with-rounded-back-ground-and-water-fillters-transparent-150x150.png 150w, https:\/\/rtb-ops.com\/wp-content\/uploads\/2025\/12\/Nazava-Water-Filters-Logo-Full-colour-with-rounded-back-ground-and-water-fillters-transparent-768x768.png 768w, https:\/\/rtb-ops.com\/wp-content\/uploads\/2025\/12\/Nazava-Water-Filters-Logo-Full-colour-with-rounded-back-ground-and-water-fillters-transparent-1536x1536.png 1536w, https:\/\/rtb-ops.com\/wp-content\/uploads\/2025\/12\/Nazava-Water-Filters-Logo-Full-colour-with-rounded-back-ground-and-water-fillters-transparent-2048x2048.png 2048w\" sizes=\"(max-width: 1500px) 100vw, 1500px\" \/><\/figure>\n<\/div><\/div>\n\n\n\n<div class=\"wp-block-column is-layout-flow wp-block-column-is-layout-flow\"><div class=\"wp-block-image\">\n<figure class=\"aligncenter size-large\"><img loading=\"lazy\" decoding=\"async\" width=\"1500\" height=\"474\" src=\"https:\/\/rtb-ops.com\/wp-content\/uploads\/2025\/09\/LOGO-INHEIM--1500x474.png\" alt=\"\" class=\"wp-image-3399\" srcset=\"https:\/\/rtb-ops.com\/wp-content\/uploads\/2025\/09\/LOGO-INHEIM--1500x474.png 1500w, https:\/\/rtb-ops.com\/wp-content\/uploads\/2025\/09\/LOGO-INHEIM--350x111.png 350w, https:\/\/rtb-ops.com\/wp-content\/uploads\/2025\/09\/LOGO-INHEIM--680x215.png 680w, https:\/\/rtb-ops.com\/wp-content\/uploads\/2025\/09\/LOGO-INHEIM--800x253.png 800w, https:\/\/rtb-ops.com\/wp-content\/uploads\/2025\/09\/LOGO-INHEIM--768x243.png 768w, https:\/\/rtb-ops.com\/wp-content\/uploads\/2025\/09\/LOGO-INHEIM--1536x485.png 1536w, https:\/\/rtb-ops.com\/wp-content\/uploads\/2025\/09\/LOGO-INHEIM--2048x647.png 2048w\" sizes=\"(max-width: 1500px) 100vw, 1500px\" \/><\/figure>\n<\/div><\/div>\n<\/div>\n\n<div class=\"wp-block-columns is-layout-flex wp-container-core-columns-is-layout-9d6595d7 wp-block-columns-is-layout-flex\">\n<div class=\"wp-block-column is-layout-flow wp-block-column-is-layout-flow\">\n<p><strong>RTB<\/strong>, oder <em>Return to Base<\/em>, ist ein milit\u00e4rischer Begriff, der sich auf die sichere R\u00fcckkehr zu einer vertrauten Basis bezieht. Dort k\u00f6nnen Sie \u00fcberleben, sich erholen und die Kontrolle wiedererlangen. Besonders in Krisensituationen ist ein solcher sicherer Ort lebenswichtig.  <\/p>\n\n\n\n<p><strong>OPS<\/strong> steht f\u00fcr <em>Operations<\/em>: die geplante und zielgerichtete Durchf\u00fchrung von Operationen, oft unter schwierigen Umst\u00e4nden. Diese Grunds\u00e4tze sind das Herzst\u00fcck unserer Arbeit bei RTB-OPS &#8211; wir setzen sie in praktische L\u00f6sungen f\u00fcr die Zivilgesellschaft um. <\/p>\n\n\n\n<p>Deshalb entwickeln wir realistische Notfallkits f\u00fcr Familien, Pflegeeinrichtungen und Organisationen. Mit mehr als 49 Jahren Einsatzerfahrung im Verteidigungsbereich wissen wir genau, was funktioniert, wenn es darauf ankommt. Unsere Pakete sind f\u00fcr ein Minimum von 72 Stunden Selbstversorgung bei Notf\u00e4llen wie Stromausfall, Wasserknappheit oder Ausfall von Einrichtungen ausgelegt.  <\/p>\n\n\n\n<p>Im Gegensatz zu vielen kommerziellen Anbietern bieten wir keine unn\u00f6tigen Spielereien oder Schauerm\u00e4rchen. Im Gegenteil, wir bieten praktische und zuverl\u00e4ssige Ressourcen, die auf Erfahrungen aus der Praxis beruhen. RTB-OPS steht f\u00fcr bodenst\u00e4ndige Krisenvorbereitung, sowohl f\u00fcr den privaten als auch f\u00fcr den beruflichen Gebrauch. Dabei erhalten Sie klare Anweisungen und Unterst\u00fctzung, damit Sie wissen, was im Bedarfsfall zu tun ist.   <\/p>\n\n\n\n<p>Kurzum, vorbereitet zu sein ist kein Luxus &#8211; es ist gesunder Menschenverstand.<\/p>\n\n\n\n<p><\/p>\n<\/div>\n\n\n\n<div class=\"wp-block-column is-layout-flow wp-block-column-is-layout-flow\"><div class=\"wp-block-image\">\n<figure class=\"aligncenter size-full is-resized\"><img loading=\"lazy\" decoding=\"async\" width=\"1024\" height=\"1024\" src=\"https:\/\/rtb-ops.com\/wp-content\/uploads\/2025\/05\/LOGO2.png\" alt=\"\" class=\"wp-image-650\" style=\"width:436px;height:auto\" srcset=\"https:\/\/rtb-ops.com\/wp-content\/uploads\/2025\/05\/LOGO2.png 1024w, https:\/\/rtb-ops.com\/wp-content\/uploads\/2025\/05\/LOGO2-350x350.png 350w, https:\/\/rtb-ops.com\/wp-content\/uploads\/2025\/05\/LOGO2-100x100.png 100w, https:\/\/rtb-ops.com\/wp-content\/uploads\/2025\/05\/LOGO2-680x680.png 680w, https:\/\/rtb-ops.com\/wp-content\/uploads\/2025\/05\/LOGO2-150x150.png 150w, https:\/\/rtb-ops.com\/wp-content\/uploads\/2025\/05\/LOGO2-800x800.png 800w, https:\/\/rtb-ops.com\/wp-content\/uploads\/2025\/05\/LOGO2-768x768.png 768w, https:\/\/rtb-ops.com\/wp-content\/uploads\/2025\/05\/LOGO2-300x300.png 300w\" sizes=\"(max-width: 1024px) 100vw, 1024px\" \/><\/figure>\n<\/div><\/div>\n<\/div>\n\n<valued-widget layout=\"rating\" size=\"big\" align=\"center\" star-color=\"green\" theme=\"dark\"><\/valued-widget>\n","protected":false},"excerpt":{"rendered":"<p>\u2b50 Meest gekozen RTB-OPS Premium Noodpakket Het RTB-OPS Premium Noodpakket bevat zorgvuldig geselecteerde uitrusting voor stroomuitval en verstoringen van basisvoorzieningen. Praktisch samengesteld voor huishoudens van 2\u20134 personen. Direct inzetbaar en overzichtelijk opgeborgen. Adviesprijs \u20ac249,00 \u20ac199,99 incl. btw \u00b7 verzending binnen Nederland \u2713 INHEIM Puls noodradio voor belangrijke informatie \u2713 MAXSUN gasbrander voor het bereiden van &hellip;<\/p>\n","protected":false},"author":1,"featured_media":3935,"parent":0,"menu_order":0,"comment_status":"closed","ping_status":"closed","template":"","meta":{"_acf_changed":false,"footnotes":""},"class_list":["post-2821","page","type-page","status-publish","has-post-thumbnail","hentry"],"acf":[],"jetpack_sharing_enabled":true,"_links":{"self":[{"href":"https:\/\/rtb-ops.com\/de\/wp-json\/wp\/v2\/pages\/2821","targetHints":{"allow":["GET"]}}],"collection":[{"href":"https:\/\/rtb-ops.com\/de\/wp-json\/wp\/v2\/pages"}],"about":[{"href":"https:\/\/rtb-ops.com\/de\/wp-json\/wp\/v2\/types\/page"}],"author":[{"embeddable":true,"href":"https:\/\/rtb-ops.com\/de\/wp-json\/wp\/v2\/users\/1"}],"replies":[{"embeddable":true,"href":"https:\/\/rtb-ops.com\/de\/wp-json\/wp\/v2\/comments?post=2821"}],"version-history":[{"count":57,"href":"https:\/\/rtb-ops.com\/de\/wp-json\/wp\/v2\/pages\/2821\/revisions"}],"predecessor-version":[{"id":4033,"href":"https:\/\/rtb-ops.com\/de\/wp-json\/wp\/v2\/pages\/2821\/revisions\/4033"}],"wp:featuredmedia":[{"embeddable":true,"href":"https:\/\/rtb-ops.com\/de\/wp-json\/wp\/v2\/media\/3935"}],"wp:attachment":[{"href":"https:\/\/rtb-ops.com\/de\/wp-json\/wp\/v2\/media?parent=2821"}],"curies":[{"name":"wp","href":"https:\/\/api.w.org\/{rel}","templated":true}]}}