{"id":2797,"date":"2025-04-18T10:52:41","date_gmt":"2025-04-18T08:52:41","guid":{"rendered":"https:\/\/rtb-ops.com\/product\/ledlenser-p3-kern\/"},"modified":"2026-02-24T14:52:48","modified_gmt":"2026-02-24T13:52:48","slug":"ledlenser-p3-kern","status":"publish","type":"product","link":"https:\/\/rtb-ops.com\/de\/product\/ledlenser-p3-kern\/","title":{"rendered":"Ledlenser P3 Kern"},"content":{"rendered":"<p class=\"\" data-start=\"165\" data-end=\"228\"><strong data-start=\"165\" data-end=\"228\">Ledlenser P3 Core &#8211; Kompakte Leistung f\u00fcr Sichtbarkeit und Sicherheit<\/strong><\/p>\n<p class=\"\" data-start=\"230\" data-end=\"592\">Die Ledlenser P3 Core ist eine leichtgewichtige Taschenlampe, die trotz ihrer kompakten Gr\u00f6\u00dfe eine \u00fcberraschend hohe Leistung bietet. Mit einer L\u00e4nge von nur 9,6 Zentimetern und einem Gewicht von 35 Gramm passt sie m\u00fchelos in eine Jackentasche, eine Tasche oder eine Notfalltasche. Dennoch liefert sie einen Lichtstrahl mit einer Reichweite von bis zu 60 Metern &#8211; ideal f\u00fcr den t\u00e4glichen Gebrauch und f\u00fcr unvorhergesehene Situationen.  <\/p>\n<p class=\"\" data-start=\"594\" data-end=\"925\">Diese Taschenlampe verf\u00fcgt \u00fcber das renommierte Advanced Focus System, das eine stufenlose Einstellung des Lichtstrahls von einem breiten, diffusen Strahl bis zu einem scharfen, fokussierten Punkt erm\u00f6glicht. Dadurch eignet sich die P3 f\u00fcr eine Vielzahl von Situationen: von Stromausf\u00e4llen \u00fcber die Inspektion dunkler R\u00e4ume bis hin zur sicheren Navigation in der Dunkelheit. <\/p>\n<p class=\"\" data-start=\"927\" data-end=\"1258\">Das robuste Geh\u00e4use aus eloxiertem Aluminium ist spritzwassergesch\u00fctzt (IPX4) und h\u00e4lt dem t\u00e4glichen Gebrauch unter allen Wetterbedingungen stand. Die P3 wird mit einer einzigen AAA-Batterie betrieben &#8211; die im Lieferumfang enthalten ist &#8211; und ist sofort einsatzbereit. Dank des mitgelieferten Trageclips und der Handschlaufe ist es au\u00dferdem immer schnell zur Hand.  <\/p>\n<p class=\"\" data-start=\"1260\" data-end=\"1499\"><strong data-start=\"1260\" data-end=\"1283\">Ratschl\u00e4ge von RTB-Ops:<\/strong><br data-start=\"1283\" data-end=\"1286\">In einer Notsituation ist eine gute Sichtbarkeit unerl\u00e4sslich. Deshalb empfehlen wir, mindestens einen P3 Core f\u00fcr je zwei Personen in jede Notfallausr\u00fcstung aufzunehmen. Auf diese Weise haben Sie sowohl zu Hause als auch unterwegs eine zuverl\u00e4ssige Beleuchtung.  <\/p>\n<div class=\"group pointer-events-none relative flex justify-center *:pointer-events-auto\">\n<div class=\"tableContainer horzScrollShadows relative\"><\/div>\n<\/div>\n","protected":false},"excerpt":{"rendered":"<p class=\"\" data-start=\"156\" data-end=\"475\">\u2705 S <strong data-start=\"158\" data-end=\"210\">ehr kompakt: nur 9,6 cm lang, 35 Gramm leicht<\/strong><br data-start=\"210\" data-end=\"213\">\u2705 <strong data-start=\"215\" data-end=\"268\">Advanced Focus System f\u00fcr einstellbaren Strahl<\/strong><br data-start=\"268\" data-end=\"271\">\u2705 <strong data-start=\"273\" data-end=\"316\">Betrieb mit einer AAA-Batterie (im Lieferumfang enthalten)<\/strong><br data-start=\"316\" data-end=\"319\" data-is-only-node=\"\">\u2705 <strong data-start=\"321\" data-end=\"367\">Spritzwassergesch\u00fctztes Aluminiumgeh\u00e4use (IPX4)<\/strong><br data-start=\"367\" data-end=\"370\">\u2705 <strong data-start=\"372\" data-end=\"425\">Deutsches Qualit\u00e4tsprodukt &#8211; zuverl\u00e4ssig und langlebig<\/strong><br data-start=\"425\" data-end=\"428\">\u2705 <strong>Gewinner des Red Dot Design Award 2021<\/strong><\/p>\n<p class=\"\" data-start=\"477\" data-end=\"819\"><strong data-start=\"477\" data-end=\"501\">Produktbeschreibung:<\/strong><br data-start=\"501\" data-end=\"504\">Die Ledlenser P3 Core ist eine leistungsstarke Mini-Taschenlampe im Taschenformat, die sowohl f\u00fcr den t\u00e4glichen Gebrauch als auch f\u00fcr Notfallsituationen geeignet ist. Mit ihrem verstellbaren Lichtkegel, dem robusten Aluminiumgeh\u00e4use und ihrer lang anhaltenden Leistung mit einer AAA-Batterie ist diese Lampe in jeder Situation eine zuverl\u00e4ssige Wahl. Deutsche Solidit\u00e4t in einer kompakten Form.  <\/p>\n[spopm_PM]\n","protected":false},"featured_media":3259,"comment_status":"closed","ping_status":"closed","template":"","meta":{"_acf_changed":false},"product_brand":[],"product_cat":[170],"product_tag":[],"class_list":{"0":"post-2797","1":"product","2":"type-product","3":"status-publish","4":"has-post-thumbnail","6":"product_cat-upgrades-de","8":"first","9":"instock","10":"taxable","11":"shipping-taxable","12":"purchasable","13":"product-type-simple"},"acf":[],"jetpack_sharing_enabled":true,"_links":{"self":[{"href":"https:\/\/rtb-ops.com\/de\/wp-json\/wp\/v2\/product\/2797","targetHints":{"allow":["GET"]}}],"collection":[{"href":"https:\/\/rtb-ops.com\/de\/wp-json\/wp\/v2\/product"}],"about":[{"href":"https:\/\/rtb-ops.com\/de\/wp-json\/wp\/v2\/types\/product"}],"replies":[{"embeddable":true,"href":"https:\/\/rtb-ops.com\/de\/wp-json\/wp\/v2\/comments?post=2797"}],"wp:featuredmedia":[{"embeddable":true,"href":"https:\/\/rtb-ops.com\/de\/wp-json\/wp\/v2\/media\/3259"}],"wp:attachment":[{"href":"https:\/\/rtb-ops.com\/de\/wp-json\/wp\/v2\/media?parent=2797"}],"wp:term":[{"taxonomy":"product_brand","embeddable":true,"href":"https:\/\/rtb-ops.com\/de\/wp-json\/wp\/v2\/product_brand?post=2797"},{"taxonomy":"product_cat","embeddable":true,"href":"https:\/\/rtb-ops.com\/de\/wp-json\/wp\/v2\/product_cat?post=2797"},{"taxonomy":"product_tag","embeddable":true,"href":"https:\/\/rtb-ops.com\/de\/wp-json\/wp\/v2\/product_tag?post=2797"}],"curies":[{"name":"wp","href":"https:\/\/api.w.org\/{rel}","templated":true}]}}