{"id":2800,"date":"2025-05-01T17:52:37","date_gmt":"2025-05-01T15:52:37","guid":{"rendered":"https:\/\/rtb-ops.com\/product\/227g-butangasflasche-2-stueck\/"},"modified":"2026-02-24T14:50:27","modified_gmt":"2026-02-24T13:50:27","slug":"227g-butangasflasche-2-stueck","status":"publish","type":"product","link":"https:\/\/rtb-ops.com\/de\/product\/227g-butangasflasche-2-stueck\/","title":{"rendered":"227g Butangasflasche, 2 St\u00fcck"},"content":{"rendered":"<p class=\"\" data-start=\"439\" data-end=\"674\">Diese 227 Gramm schwere Butangasflasche ist eine praktische Erg\u00e4nzung des Basic Emergency Kit. Dank des universellen Bajonettventils (MSF-1a) passt diese Gasflasche nahtlos auf den mitgelieferten Gasbrenner und viele andere tragbare Gaskocher. <\/p>\n<p class=\"\" data-start=\"676\" data-end=\"857\">In Notf\u00e4llen, bei Stromausf\u00e4llen oder unterwegs bietet diese kompakte Gasflasche eine sichere und sofortige Energiequelle zum Kochen, Erhitzen von Wasser oder zur einfachen W\u00e4rmeerzeugung.<\/p>\n<p class=\"\" data-start=\"859\" data-end=\"873\"><strong data-start=\"859\" data-end=\"873\">Merkmale:<\/strong><\/p>\n<p class=\"\" data-start=\"876\" data-end=\"911\">Inhalt: 227 Gramm reines Butangas<br \/>\nAnschluss: Standard-Bajonettventil (MSF-1a)<br \/>\nKompatibel mit: RTB-OPS-Gasbrenner, Campingkocher, L\u00f6tlampen und mehr<br \/>\nVerwendung: F\u00fcr drinnen (nur gut bel\u00fcftete Bereiche) und drau\u00dfen<br \/>\nVerbrauch: \u00b1 1,5 bis 2 Stunden bei durchschnittlichem Gebrauch<\/p>\n<p class=\"\" data-start=\"1172\" data-end=\"1299\"><strong data-start=\"1175\" data-end=\"1186\">Empfehlung:<\/strong> F\u00fcr eine durchschnittliche Nutzung durch 2 Personen empfehlen wir mindestens <strong data-start=\"1251\" data-end=\"1267\">2 Gasflaschen<\/strong> in Kombination mit dem Basic-Set.<\/p>\n<p class=\"\" data-start=\"1301\" data-end=\"1445\"><strong data-start=\"1301\" data-end=\"1320\">Sicherheitstipp:<\/strong> Bewahren Sie das Produkt an einem k\u00fchlen, trockenen Ort und vor direkter Sonneneinstrahlung gesch\u00fctzt auf. Verwenden Sie das Produkt nur mit zugelassenen Ger\u00e4ten gem\u00e4\u00df den Anweisungen. <\/p>\n<p class=\"\" data-start=\"1447\" data-end=\"1553\">Mit dieser Gasflasche sind Sie besser auf unerwartete Situationen vorbereitet &#8211; effizient, sicher und sofort einsatzbereit.<\/p>\n","protected":false},"excerpt":{"rendered":"<p class=\"\" data-start=\"135\" data-end=\"430\">\u2705 <strong data-start=\"137\" data-end=\"186\">Standard 227g Butangas-Kartusche (Typ MSF-1a)<\/strong><br data-start=\"186\" data-end=\"189\">\u2705 <strong data-start=\"191\" data-end=\"254\">Kompatibel mit RTB-OPS Gasbrenner und \u00e4hnlichen Modellen<\/strong><br data-start=\"254\" data-end=\"257\">\u2705 <strong data-start=\"259\" data-end=\"324\">Sicherer Ventilanschluss &#8211; einfache und leckfreie Verbindung<\/strong><br data-start=\"324\" data-end=\"327\" data-is-only-node=\"\">\u2705 <strong data-start=\"329\" data-end=\"370\">Lange Haltbarkeit und kompakte Aufbewahrung<\/strong><br data-start=\"370\" data-end=\"373\">\u2705 <strong data-start=\"375\" data-end=\"430\">Ideal als Erg\u00e4nzung oder Ersatz f\u00fcr Ihr Notfallset<\/strong><\/p>\n<p class=\"\" data-start=\"432\" data-end=\"787\"><strong data-start=\"432\" data-end=\"456\">Produktbeschreibung:<\/strong><br data-start=\"456\" data-end=\"459\">227-Gramm-Gaskartusche mit Standardventilanschluss, perfekt abgestimmt auf den Gasbrenner im Basic Emergency Kit. Einfach zu verwenden, sicher zu koppeln und langlebig. F\u00fcr eine durchschnittliche Nutzung durch zwei Personen empfehlen wir mindestens zwei Gasflaschen pro Notfallset. Unverzichtbar f\u00fcr das Kochen bei Stromausf\u00e4llen oder unterwegs.<\/p>\n[spopm_PM]\n","protected":false},"featured_media":4531,"comment_status":"closed","ping_status":"closed","template":"","meta":{"_acf_changed":false},"product_brand":[],"product_cat":[170],"product_tag":[],"class_list":{"0":"post-2800","1":"product","2":"type-product","3":"status-publish","4":"has-post-thumbnail","6":"product_cat-upgrades-de","7":"product_shipping_class-paket","9":"first","10":"instock","11":"taxable","12":"shipping-taxable","13":"purchasable","14":"product-type-simple"},"acf":[],"jetpack_sharing_enabled":true,"_links":{"self":[{"href":"https:\/\/rtb-ops.com\/de\/wp-json\/wp\/v2\/product\/2800","targetHints":{"allow":["GET"]}}],"collection":[{"href":"https:\/\/rtb-ops.com\/de\/wp-json\/wp\/v2\/product"}],"about":[{"href":"https:\/\/rtb-ops.com\/de\/wp-json\/wp\/v2\/types\/product"}],"replies":[{"embeddable":true,"href":"https:\/\/rtb-ops.com\/de\/wp-json\/wp\/v2\/comments?post=2800"}],"wp:featuredmedia":[{"embeddable":true,"href":"https:\/\/rtb-ops.com\/de\/wp-json\/wp\/v2\/media\/4531"}],"wp:attachment":[{"href":"https:\/\/rtb-ops.com\/de\/wp-json\/wp\/v2\/media?parent=2800"}],"wp:term":[{"taxonomy":"product_brand","embeddable":true,"href":"https:\/\/rtb-ops.com\/de\/wp-json\/wp\/v2\/product_brand?post=2800"},{"taxonomy":"product_cat","embeddable":true,"href":"https:\/\/rtb-ops.com\/de\/wp-json\/wp\/v2\/product_cat?post=2800"},{"taxonomy":"product_tag","embeddable":true,"href":"https:\/\/rtb-ops.com\/de\/wp-json\/wp\/v2\/product_tag?post=2800"}],"curies":[{"name":"wp","href":"https:\/\/api.w.org\/{rel}","templated":true}]}}